{"id":84925,"date":"2016-12-02T11:21:45","date_gmt":"2016-12-02T10:21:45","guid":{"rendered":"https:\/\/bloomer.nl\/sincrire\/"},"modified":"2025-02-25T09:44:54","modified_gmt":"2025-02-25T08:44:54","slug":"sincrire","status":"publish","type":"page","link":"https:\/\/bloomersilk.com\/fr\/sincrire\/","title":{"rendered":"Sincrire"},"content":{"rendered":"<div class=\"fusion-fullwidth fullwidth-box fusion-builder-row-1 fusion-flex-container has-pattern-background has-mask-background fusion-parallax-fixed hundred-percent-fullwidth non-hundred-percent-height-scrolling lazyload\" style=\"--awb-border-radius-top-left:0px;--awb-border-radius-top-right:0px;--awb-border-radius-bottom-right:0px;--awb-border-radius-bottom-left:0px;--awb-min-height:500px;--awb-background-image:linear-gradient(180deg, rgba(0,0,0,0.4) 0%,rgba(0,0,0,0.4) 40%);;--awb-background-size:cover;--awb-flex-wrap:wrap;background-attachment:fixed;\" data-bg=\"https:\/\/bloomersilk.com\/wp-content\/uploads\/2023\/05\/Pioenen-4-scaled-e1717053917206.jpg\" data-bg-gradient=\"linear-gradient(180deg, rgba(0,0,0,0.4) 0%,rgba(0,0,0,0.4) 40%)\" ><div class=\"fusion-builder-row fusion-row fusion-flex-align-items-flex-end fusion-flex-align-content-flex-end fusion-flex-justify-content-center fusion-flex-content-wrap\" style=\"width:104% !important;max-width:104% !important;margin-left: calc(-4% \/ 2 );margin-right: calc(-4% \/ 2 );\"><div class=\"fusion-layout-column fusion_builder_column fusion-builder-column-0 fusion_builder_column_3_5 3_5 fusion-flex-column fusion-no-small-visibility fusion-no-medium-visibility\" style=\"--awb-padding-top:50px;--awb-padding-right:75px;--awb-padding-bottom:50px;--awb-padding-left:75px;--awb-bg-color:var(--awb-color1);--awb-bg-color-hover:var(--awb-color1);--awb-bg-size:cover;--awb-box-shadow:1px 1px 30px -9px ;;--awb-border-color:var(--awb-color6);--awb-border-top:1px;--awb-border-right:1px;--awb-border-bottom:1px;--awb-border-left:1px;--awb-border-style:solid;--awb-width-large:60%;--awb-margin-top-large:250px;--awb-spacing-right-large:3.2%;--awb-margin-bottom-large:250px;--awb-spacing-left-large:3.2%;--awb-width-medium:100%;--awb-order-medium:0;--awb-spacing-right-medium:1.92%;--awb-spacing-left-medium:1.92%;--awb-width-small:100%;--awb-order-small:0;--awb-spacing-right-small:1.92%;--awb-spacing-left-small:1.92%;\" data-scroll-devices=\"small-visibility,medium-visibility,large-visibility\"><div class=\"fusion-column-wrapper fusion-column-has-shadow fusion-flex-justify-content-flex-start fusion-content-layout-column\"><div class=\"fusion-title title fusion-title-1 fusion-sep-none fusion-title-text fusion-title-size-one\" style=\"--awb-text-color:var(--awb-color6);--awb-margin-top-small:0px;--awb-margin-right-small:0px;--awb-margin-bottom-small:20px;--awb-margin-left-small:0px;--awb-font-size:50px;\"><h1 class=\"fusion-title-heading title-heading-left\" style=\"margin:0;font-size:1em;\"><p style=\"text-align: left;\">Devenez un client Bloomer !<\/p><\/h1><\/div><div class=\"fusion-text fusion-text-1 fusion-text-no-margin\" style=\"--awb-text-transform:none;--awb-margin-bottom:25px;\"><p>Une petite v\u00e9rification rapide : Vous \u00eates fleuriste avec un magasin physique ou styliste floral cr\u00e9atif avec un num\u00e9ro de TVA et\/ou de chambre de commerce dans le commerce des fleurs et des plantes ? Oui, vous faites partie de notre groupe cible !<\/p>\n<p>C&rsquo;est fantastique que vous vous int\u00e9ressiez aussi aux fleurs de Bloomer !<\/p>\n<p>Nous sommes tr\u00e8s curieux si nous avons le plaisir de le faire. Vous pouvez nous communiquer vos coordonn\u00e9es en remplissant le formulaire ci-dessous. Nous vous appellerons dans les plus brefs d\u00e9lais pour faire connaissance et vous expliquer notre concept. A bient\u00f4t !<\/p>\n<p><em>Tous les champs doivent \u00eatre remplis, sauf indication contraire.<\/em><\/p>\n<\/div><script charset=\"utf-8\" type=\"text\/javascript\" src=\"\/\/js-eu1.hsforms.net\/forms\/embed\/v2.js\"><\/script>\n\n<script>\n\n  hbspt.forms.create({\n\n    region: \"eu1\",\n\n    portalId: \"25552651\",\n\n    formId: \"e52d5cb4-a0d1-4bc6-8e9e-987f5d656d68\"\n\n  });\n\n<\/script><\/div><\/div><div class=\"fusion-layout-column fusion_builder_column fusion-builder-column-1 fusion_builder_column_3_5 3_5 fusion-flex-column fusion-no-large-visibility\" style=\"--awb-padding-top:35px;--awb-padding-right:35px;--awb-padding-bottom:35px;--awb-padding-left:35px;--awb-bg-color:var(--awb-color1);--awb-bg-color-hover:var(--awb-color1);--awb-bg-size:cover;--awb-box-shadow:1px 1px 30px -9px ;;--awb-border-color:var(--awb-color6);--awb-border-top:1px;--awb-border-right:1px;--awb-border-bottom:1px;--awb-border-left:1px;--awb-border-style:solid;--awb-width-large:60%;--awb-margin-top-large:50px;--awb-spacing-right-large:3.2%;--awb-margin-bottom-large:50px;--awb-spacing-left-large:3.2%;--awb-width-medium:100%;--awb-order-medium:0;--awb-spacing-right-medium:1.92%;--awb-spacing-left-medium:1.92%;--awb-width-small:100%;--awb-order-small:0;--awb-spacing-right-small:1.92%;--awb-spacing-left-small:1.92%;\" data-scroll-devices=\"small-visibility,medium-visibility,large-visibility\"><div class=\"fusion-column-wrapper fusion-column-has-shadow fusion-flex-justify-content-flex-start fusion-content-layout-column\"><div class=\"fusion-title title fusion-title-2 fusion-sep-none fusion-title-text fusion-title-size-one\" style=\"--awb-text-color:var(--awb-color6);--awb-margin-top-small:0px;--awb-margin-right-small:0px;--awb-margin-bottom-small:20px;--awb-margin-left-small:0px;--awb-font-size:24px;\"><h1 class=\"fusion-title-heading title-heading-left\" style=\"margin:0;font-size:1em;\"><p style=\"text-align: left;\">Devenez un client Bloomer !<\/p><\/h1><\/div><div class=\"fusion-text fusion-text-2 fusion-text-no-margin\" style=\"--awb-text-transform:none;--awb-margin-bottom:25px;\"><p>Une petite v\u00e9rification rapide : Vous \u00eates fleuriste avec un magasin physique ou styliste floral cr\u00e9atif avec un num\u00e9ro de TVA et\/ou de chambre de commerce dans le commerce des fleurs et des plantes ? Oui, vous faites partie de notre groupe cible !<\/p>\n<p>C&rsquo;est fantastique que vous vous int\u00e9ressiez aussi aux fleurs de Bloomer !<\/p>\n<p>Nous sommes tr\u00e8s curieux si nous avons le plaisir de le faire. Vous pouvez nous communiquer vos coordonn\u00e9es en remplissant le formulaire ci-dessous. Nous vous appellerons dans les plus brefs d\u00e9lais pour faire connaissance et vous expliquer notre concept. A bient\u00f4t !<\/p>\n<p><em>Tous les champs doivent \u00eatre remplis, sauf indication contraire.<\/em><\/p>\n<\/div><script charset=\"utf-8\" type=\"text\/javascript\" src=\"\/\/js-eu1.hsforms.net\/forms\/embed\/v2.js\"><\/script>\n\n<script>\n\n  hbspt.forms.create({\n\n    region: \"eu1\",\n\n    portalId: \"25552651\",\n\n    formId: \"e52d5cb4-a0d1-4bc6-8e9e-987f5d656d68\"\n\n  });\n\n<\/script><\/div><\/div><\/div><\/div>\n","protected":false},"excerpt":{"rendered":"","protected":false},"author":1,"featured_media":0,"parent":0,"menu_order":0,"comment_status":"closed","ping_status":"closed","template":"100-width.php","meta":{"footnotes":""},"class_list":["post-84925","page","type-page","status-publish","hentry"],"_links":{"self":[{"href":"https:\/\/bloomersilk.com\/fr\/wp-json\/wp\/v2\/pages\/84925","targetHints":{"allow":["GET"]}}],"collection":[{"href":"https:\/\/bloomersilk.com\/fr\/wp-json\/wp\/v2\/pages"}],"about":[{"href":"https:\/\/bloomersilk.com\/fr\/wp-json\/wp\/v2\/types\/page"}],"author":[{"embeddable":true,"href":"https:\/\/bloomersilk.com\/fr\/wp-json\/wp\/v2\/users\/1"}],"replies":[{"embeddable":true,"href":"https:\/\/bloomersilk.com\/fr\/wp-json\/wp\/v2\/comments?post=84925"}],"version-history":[{"count":4,"href":"https:\/\/bloomersilk.com\/fr\/wp-json\/wp\/v2\/pages\/84925\/revisions"}],"predecessor-version":[{"id":87084,"href":"https:\/\/bloomersilk.com\/fr\/wp-json\/wp\/v2\/pages\/84925\/revisions\/87084"}],"wp:attachment":[{"href":"https:\/\/bloomersilk.com\/fr\/wp-json\/wp\/v2\/media?parent=84925"}],"curies":[{"name":"wp","href":"https:\/\/api.w.org\/{rel}","templated":true}]}}