{"id":84503,"date":"2022-10-13T15:44:23","date_gmt":"2022-10-13T13:44:23","guid":{"rendered":"https:\/\/bloomer.nl\/linea-natura\/"},"modified":"2025-02-11T13:41:51","modified_gmt":"2025-02-11T12:41:51","slug":"linea-natura","status":"publish","type":"page","link":"https:\/\/bloomersilk.com\/fr\/linea-natura\/","title":{"rendered":"Linea Natura"},"content":{"rendered":"<p><div class=\"fusion-fullwidth fullwidth-box fusion-builder-row-1 fusion-flex-container has-pattern-background has-mask-background fusion-parallax-fixed hundred-percent-fullwidth non-hundred-percent-height-scrolling lazyload\" style=\"--awb-border-radius-top-left:0px;--awb-border-radius-top-right:0px;--awb-border-radius-bottom-right:0px;--awb-border-radius-bottom-left:0px;--awb-min-height:400px;--awb-background-image:linear-gradient(180deg, rgba(0,0,0,0.4) 0%,rgba(0,0,0,0.4) 40%);;--awb-background-size:cover;--awb-flex-wrap:wrap;background-attachment:fixed;\" data-bg=\"https:\/\/bloomersilk.com\/wp-content\/uploads\/2025\/02\/BLOOMER-19-050130.jpg\" data-bg-gradient=\"linear-gradient(180deg, rgba(0,0,0,0.4) 0%,rgba(0,0,0,0.4) 40%)\" ><div class=\"fusion-builder-row fusion-row fusion-flex-align-items-flex-end fusion-flex-align-content-flex-end fusion-flex-justify-content-center fusion-flex-content-wrap\" style=\"width:104% !important;max-width:104% !important;margin-left: calc(-4% \/ 2 );margin-right: calc(-4% \/ 2 );\"><div class=\"fusion-layout-column fusion_builder_column fusion-builder-column-0 fusion_builder_column_1_1 1_1 fusion-flex-column fusion-flex-align-self-flex-end fusion-animated\" style=\"--awb-bg-size:cover;--awb-width-large:100%;--awb-margin-top-large:0px;--awb-spacing-right-large:1.92%;--awb-margin-bottom-large:50px;--awb-spacing-left-large:1.92%;--awb-width-medium:100%;--awb-order-medium:0;--awb-spacing-right-medium:1.92%;--awb-spacing-left-medium:1.92%;--awb-width-small:100%;--awb-order-small:0;--awb-spacing-right-small:1.92%;--awb-spacing-left-small:1.92%;\" data-animationType=\"fadeInDown\" data-animationDuration=\"1.0\" data-animationOffset=\"top-into-view\" data-scroll-devices=\"small-visibility,medium-visibility,large-visibility\"><div class=\"fusion-column-wrapper fusion-column-has-shadow fusion-flex-justify-content-flex-end fusion-content-layout-column\"><div class=\"fusion-title title fusion-title-1 fusion-sep-none fusion-title-center fusion-title-text fusion-title-size-one\" style=\"--awb-text-color:var(--awb-color1);--awb-margin-top-small:0px;--awb-margin-right-small:0px;--awb-margin-bottom-small:20px;--awb-margin-left-small:0px;--awb-font-size:50px;\"><h1 class=\"fusion-title-heading title-heading-center\" style=\"font-family:&quot;Raleway&quot;;font-style:normal;font-weight:800;margin:0;font-size:1em;text-shadow:1px 1px 5px rgba(0,0,0,0.5);\"><p>Linea Natura:<br \/>\nLa qualit\u00e9 avant tout !<\/p><\/h1><\/div><\/div><\/div><\/div><\/div><div class=\"fusion-fullwidth fullwidth-box fusion-builder-row-2 fusion-flex-container nonhundred-percent-fullwidth non-hundred-percent-height-scrolling\" style=\"--awb-border-radius-top-left:0px;--awb-border-radius-top-right:0px;--awb-border-radius-bottom-right:0px;--awb-border-radius-bottom-left:0px;--awb-padding-top:0px;--awb-padding-right:0px;--awb-padding-bottom:0px;--awb-padding-left:0px;--awb-margin-top:0px;--awb-margin-bottom:0px;--awb-min-height:500px;--awb-flex-wrap:wrap;\" ><div class=\"fusion-builder-row fusion-row fusion-flex-align-items-center fusion-flex-align-content-center fusion-flex-justify-content-center fusion-flex-content-wrap\" style=\"max-width:1244.88px;margin-left: calc(-4% \/ 2 );margin-right: calc(-4% \/ 2 );\"><div class=\"fusion-layout-column fusion_builder_column fusion-builder-column-1 fusion_builder_column_1_1 1_1 fusion-flex-column fusion-flex-align-self-center fusion-animated\" style=\"--awb-bg-size:cover;--awb-width-large:100%;--awb-margin-top-large:75px;--awb-spacing-right-large:50px;--awb-margin-bottom-large:25px;--awb-spacing-left-large:0px;--awb-width-medium:100%;--awb-order-medium:0;--awb-spacing-right-medium:1.92%;--awb-spacing-left-medium:1.92%;--awb-width-small:100%;--awb-order-small:0;--awb-spacing-right-small:50px;--awb-spacing-left-small:50px;\" data-animationType=\"fadeInDown\" data-animationDuration=\"0.5\" data-animationOffset=\"top-into-view\"><div class=\"fusion-column-wrapper fusion-column-has-shadow fusion-flex-justify-content-center fusion-content-layout-column\"><div class=\"fusion-text fusion-text-1 fusion-text-no-margin\" style=\"--awb-content-alignment:center;--awb-font-size:18px;--awb-text-transform:none;--awb-margin-bottom:20px;\"><p style=\"text-align: center;\"><strong><i>Linea Natura<\/i> est LA marque de r\u00e9f\u00e9rence pour des fleurs tr\u00e8s haut de gamme, ultra fra\u00eeches et v\u00e9ritablement exceptionnelles. En choisissant <i>Linea Natura<\/i>, vous optez pour des fleurs de premi\u00e8re classe. Elles se distinguent de la masse par leur taille, leur longueur, leur poids, leur qualit\u00e9 et leur unicit\u00e9. Une infinie source d&rsquo;\u00e9merveillement !<\/strong><\/p>\n<\/div><\/div><\/div><div class=\"fusion-layout-column fusion_builder_column fusion-builder-column-2 fusion_builder_column_1_5 1_5 fusion-flex-column fusion-animated\" style=\"--awb-bg-size:cover;--awb-width-large:20%;--awb-margin-top-large:0px;--awb-spacing-right-large:9.6%;--awb-margin-bottom-large:20px;--awb-spacing-left-large:9.6%;--awb-width-medium:100%;--awb-order-medium:0;--awb-spacing-right-medium:1.92%;--awb-spacing-left-medium:1.92%;--awb-width-small:100%;--awb-order-small:0;--awb-spacing-right-small:1.92%;--awb-spacing-left-small:1.92%;\" data-animationType=\"fadeInDown\" data-animationDuration=\"1.0\" data-animationOffset=\"top-into-view\"><div class=\"fusion-column-wrapper fusion-column-has-shadow fusion-flex-justify-content-flex-start fusion-content-layout-column\"><div class=\"fusion-image-element \" style=\"text-align:center;--awb-max-width:200px;--awb-caption-title-font-family:var(--h2_typography-font-family);--awb-caption-title-font-weight:var(--h2_typography-font-weight);--awb-caption-title-font-style:var(--h2_typography-font-style);--awb-caption-title-size:var(--h2_typography-font-size);--awb-caption-title-transform:var(--h2_typography-text-transform);--awb-caption-title-line-height:var(--h2_typography-line-height);--awb-caption-title-letter-spacing:var(--h2_typography-letter-spacing);--awb-filter:saturate(100%) brightness(100%) contrast(100%);--awb-filter-transition:filter 0.3s ease;--awb-filter-hover:saturate(60%) brightness(60%) contrast(60%);\"><span class=\" fusion-imageframe imageframe-none imageframe-1 hover-type-none\"><a class=\"fusion-no-lightbox\" href=\"https:\/\/lineanatura.nl\/fr\/linea-natura\/linea-natura-flowers\/\" target=\"_self\" aria-label=\"Linea_Natura_Flowers_Rond\"><img decoding=\"async\" width=\"1600\" height=\"1600\" src=\"https:\/\/bloomersilk.com\/wp-content\/uploads\/2022\/07\/Linea_Natura_Flowers_Rond.png\" data-orig-src=\"https:\/\/bloomersilk.com\/wp-content\/uploads\/2022\/07\/Linea_Natura_Flowers_Rond.png\" alt class=\"lazyload img-responsive wp-image-84522\" srcset=\"data:image\/svg+xml,%3Csvg%20xmlns%3D%27http%3A%2F%2Fwww.w3.org%2F2000%2Fsvg%27%20width%3D%271600%27%20height%3D%271600%27%20viewBox%3D%270%200%201600%201600%27%3E%3Crect%20width%3D%271600%27%20height%3D%271600%27%20fill-opacity%3D%220%22%2F%3E%3C%2Fsvg%3E\" data-srcset=\"https:\/\/bloomersilk.com\/wp-content\/uploads\/2022\/07\/Linea_Natura_Flowers_Rond-200x200.png 200w, https:\/\/bloomersilk.com\/wp-content\/uploads\/2022\/07\/Linea_Natura_Flowers_Rond-400x400.png 400w, https:\/\/bloomersilk.com\/wp-content\/uploads\/2022\/07\/Linea_Natura_Flowers_Rond-600x600.png 600w, https:\/\/bloomersilk.com\/wp-content\/uploads\/2022\/07\/Linea_Natura_Flowers_Rond-800x800.png 800w, https:\/\/bloomersilk.com\/wp-content\/uploads\/2022\/07\/Linea_Natura_Flowers_Rond-1200x1200.png 1200w, https:\/\/bloomersilk.com\/wp-content\/uploads\/2022\/07\/Linea_Natura_Flowers_Rond.png 1600w\" data-sizes=\"auto\" data-orig-sizes=\"(max-width: 1024px) 100vw, (max-width: 769px) 100vw, 200px\" \/><\/a><\/span><\/div><\/div><\/div><div class=\"fusion-layout-column fusion_builder_column fusion-builder-column-3 fusion_builder_column_1_5 1_5 fusion-flex-column fusion-animated\" style=\"--awb-bg-size:cover;--awb-width-large:20%;--awb-margin-top-large:0px;--awb-spacing-right-large:9.6%;--awb-margin-bottom-large:20px;--awb-spacing-left-large:9.6%;--awb-width-medium:100%;--awb-order-medium:0;--awb-spacing-right-medium:1.92%;--awb-spacing-left-medium:1.92%;--awb-width-small:100%;--awb-order-small:0;--awb-spacing-right-small:1.92%;--awb-spacing-left-small:1.92%;\" data-animationType=\"fadeInDown\" data-animationDuration=\"1.5\" data-animationOffset=\"top-into-view\"><div class=\"fusion-column-wrapper fusion-column-has-shadow fusion-flex-justify-content-flex-start fusion-content-layout-column\"><div class=\"fusion-image-element \" style=\"text-align:center;--awb-max-width:200px;--awb-caption-title-font-family:var(--h2_typography-font-family);--awb-caption-title-font-weight:var(--h2_typography-font-weight);--awb-caption-title-font-style:var(--h2_typography-font-style);--awb-caption-title-size:var(--h2_typography-font-size);--awb-caption-title-transform:var(--h2_typography-text-transform);--awb-caption-title-line-height:var(--h2_typography-line-height);--awb-caption-title-letter-spacing:var(--h2_typography-letter-spacing);--awb-filter:saturate(100%) brightness(100%) contrast(100%);--awb-filter-transition:filter 0.3s ease;--awb-filter-hover:saturate(60%) brightness(60%) contrast(60%);\"><span class=\" fusion-imageframe imageframe-none imageframe-2 hover-type-none\"><a class=\"fusion-no-lightbox\" href=\"https:\/\/lineanatura.nl\/fr\/linea-natura\/linea-natura-dried\/\" target=\"_self\" aria-label=\"Linea_Natura_Dried_Rond\"><img decoding=\"async\" width=\"1600\" height=\"1600\" src=\"https:\/\/bloomersilk.com\/wp-content\/uploads\/2022\/07\/Linea_Natura_Dried_Rond.png\" data-orig-src=\"https:\/\/bloomersilk.com\/wp-content\/uploads\/2022\/07\/Linea_Natura_Dried_Rond.png\" alt class=\"lazyload img-responsive wp-image-84521\" srcset=\"data:image\/svg+xml,%3Csvg%20xmlns%3D%27http%3A%2F%2Fwww.w3.org%2F2000%2Fsvg%27%20width%3D%271600%27%20height%3D%271600%27%20viewBox%3D%270%200%201600%201600%27%3E%3Crect%20width%3D%271600%27%20height%3D%271600%27%20fill-opacity%3D%220%22%2F%3E%3C%2Fsvg%3E\" data-srcset=\"https:\/\/bloomersilk.com\/wp-content\/uploads\/2022\/07\/Linea_Natura_Dried_Rond-200x200.png 200w, https:\/\/bloomersilk.com\/wp-content\/uploads\/2022\/07\/Linea_Natura_Dried_Rond-400x400.png 400w, https:\/\/bloomersilk.com\/wp-content\/uploads\/2022\/07\/Linea_Natura_Dried_Rond-600x600.png 600w, https:\/\/bloomersilk.com\/wp-content\/uploads\/2022\/07\/Linea_Natura_Dried_Rond-800x800.png 800w, https:\/\/bloomersilk.com\/wp-content\/uploads\/2022\/07\/Linea_Natura_Dried_Rond-1200x1200.png 1200w, https:\/\/bloomersilk.com\/wp-content\/uploads\/2022\/07\/Linea_Natura_Dried_Rond.png 1600w\" data-sizes=\"auto\" data-orig-sizes=\"(max-width: 1024px) 100vw, (max-width: 769px) 100vw, 200px\" \/><\/a><\/span><\/div><\/div><\/div><div class=\"fusion-layout-column fusion_builder_column fusion-builder-column-4 fusion_builder_column_1_5 1_5 fusion-flex-column fusion-animated\" style=\"--awb-bg-size:cover;--awb-width-large:20%;--awb-margin-top-large:0px;--awb-spacing-right-large:9.6%;--awb-margin-bottom-large:20px;--awb-spacing-left-large:9.6%;--awb-width-medium:100%;--awb-order-medium:0;--awb-spacing-right-medium:1.92%;--awb-spacing-left-medium:1.92%;--awb-width-small:100%;--awb-order-small:0;--awb-spacing-right-small:1.92%;--awb-spacing-left-small:1.92%;\" data-animationType=\"fadeInDown\" data-animationDuration=\"2.0\" data-animationOffset=\"top-into-view\"><div class=\"fusion-column-wrapper fusion-column-has-shadow fusion-flex-justify-content-flex-start fusion-content-layout-column\"><div class=\"fusion-image-element \" style=\"text-align:center;--awb-max-width:200px;--awb-caption-title-font-family:var(--h2_typography-font-family);--awb-caption-title-font-weight:var(--h2_typography-font-weight);--awb-caption-title-font-style:var(--h2_typography-font-style);--awb-caption-title-size:var(--h2_typography-font-size);--awb-caption-title-transform:var(--h2_typography-text-transform);--awb-caption-title-line-height:var(--h2_typography-line-height);--awb-caption-title-letter-spacing:var(--h2_typography-letter-spacing);--awb-filter:saturate(100%) brightness(100%) contrast(100%);--awb-filter-transition:filter 0.3s ease;--awb-filter-hover:saturate(60%) brightness(60%) contrast(60%);\"><span class=\" fusion-imageframe imageframe-none imageframe-3 hover-type-none\"><a class=\"fusion-no-lightbox\" href=\"https:\/\/lineanatura.nl\/fr\/linea-natura\/linea-natura-organic\/\" target=\"_self\" aria-label=\"Linea Natura Organic rond\"><img decoding=\"async\" width=\"709\" height=\"709\" src=\"https:\/\/bloomersilk.com\/wp-content\/uploads\/2022\/07\/Linea-Natura-Organic-rond.png\" data-orig-src=\"https:\/\/bloomersilk.com\/wp-content\/uploads\/2022\/07\/Linea-Natura-Organic-rond.png\" alt class=\"lazyload img-responsive wp-image-84524\" srcset=\"data:image\/svg+xml,%3Csvg%20xmlns%3D%27http%3A%2F%2Fwww.w3.org%2F2000%2Fsvg%27%20width%3D%27709%27%20height%3D%27709%27%20viewBox%3D%270%200%20709%20709%27%3E%3Crect%20width%3D%27709%27%20height%3D%27709%27%20fill-opacity%3D%220%22%2F%3E%3C%2Fsvg%3E\" data-srcset=\"https:\/\/bloomersilk.com\/wp-content\/uploads\/2022\/07\/Linea-Natura-Organic-rond-200x200.png 200w, https:\/\/bloomersilk.com\/wp-content\/uploads\/2022\/07\/Linea-Natura-Organic-rond-400x400.png 400w, https:\/\/bloomersilk.com\/wp-content\/uploads\/2022\/07\/Linea-Natura-Organic-rond-600x600.png 600w, https:\/\/bloomersilk.com\/wp-content\/uploads\/2022\/07\/Linea-Natura-Organic-rond.png 709w\" data-sizes=\"auto\" data-orig-sizes=\"(max-width: 1024px) 100vw, (max-width: 769px) 100vw, 200px\" \/><\/a><\/span><\/div><\/div><\/div><div class=\"fusion-layout-column fusion_builder_column fusion-builder-column-5 fusion_builder_column_1_5 1_5 fusion-flex-column fusion-animated\" style=\"--awb-bg-size:cover;--awb-width-large:20%;--awb-margin-top-large:0px;--awb-spacing-right-large:9.6%;--awb-margin-bottom-large:20px;--awb-spacing-left-large:9.6%;--awb-width-medium:100%;--awb-order-medium:0;--awb-spacing-right-medium:1.92%;--awb-spacing-left-medium:1.92%;--awb-width-small:100%;--awb-order-small:0;--awb-spacing-right-small:1.92%;--awb-spacing-left-small:1.92%;\" data-animationType=\"fadeInDown\" data-animationDuration=\"2.5\" data-animationOffset=\"top-into-view\"><div class=\"fusion-column-wrapper fusion-column-has-shadow fusion-flex-justify-content-flex-start fusion-content-layout-column\"><div class=\"fusion-image-element \" style=\"text-align:center;--awb-max-width:200px;--awb-caption-title-font-family:var(--h2_typography-font-family);--awb-caption-title-font-weight:var(--h2_typography-font-weight);--awb-caption-title-font-style:var(--h2_typography-font-style);--awb-caption-title-size:var(--h2_typography-font-size);--awb-caption-title-transform:var(--h2_typography-text-transform);--awb-caption-title-line-height:var(--h2_typography-line-height);--awb-caption-title-letter-spacing:var(--h2_typography-letter-spacing);--awb-filter:saturate(100%) brightness(100%) contrast(100%);--awb-filter-transition:filter 0.3s ease;--awb-filter-hover:saturate(60%) brightness(60%) contrast(60%);\"><span class=\" fusion-imageframe imageframe-none imageframe-4 hover-type-none\"><a class=\"fusion-no-lightbox\" href=\"https:\/\/lineanatura.nl\/fr\/linea-natura\/linea-natura-green\/\" target=\"_self\" aria-label=\"Linea_Natura_Green_Rond\"><img decoding=\"async\" width=\"1600\" height=\"1600\" src=\"https:\/\/bloomersilk.com\/wp-content\/uploads\/2022\/07\/Linea_Natura_Green_Rond.png\" data-orig-src=\"https:\/\/bloomersilk.com\/wp-content\/uploads\/2022\/07\/Linea_Natura_Green_Rond.png\" alt class=\"lazyload img-responsive wp-image-84523\" srcset=\"data:image\/svg+xml,%3Csvg%20xmlns%3D%27http%3A%2F%2Fwww.w3.org%2F2000%2Fsvg%27%20width%3D%271600%27%20height%3D%271600%27%20viewBox%3D%270%200%201600%201600%27%3E%3Crect%20width%3D%271600%27%20height%3D%271600%27%20fill-opacity%3D%220%22%2F%3E%3C%2Fsvg%3E\" data-srcset=\"https:\/\/bloomersilk.com\/wp-content\/uploads\/2022\/07\/Linea_Natura_Green_Rond-200x200.png 200w, https:\/\/bloomersilk.com\/wp-content\/uploads\/2022\/07\/Linea_Natura_Green_Rond-400x400.png 400w, https:\/\/bloomersilk.com\/wp-content\/uploads\/2022\/07\/Linea_Natura_Green_Rond-600x600.png 600w, https:\/\/bloomersilk.com\/wp-content\/uploads\/2022\/07\/Linea_Natura_Green_Rond-800x800.png 800w, https:\/\/bloomersilk.com\/wp-content\/uploads\/2022\/07\/Linea_Natura_Green_Rond-1200x1200.png 1200w, https:\/\/bloomersilk.com\/wp-content\/uploads\/2022\/07\/Linea_Natura_Green_Rond.png 1600w\" data-sizes=\"auto\" data-orig-sizes=\"(max-width: 1024px) 100vw, (max-width: 769px) 100vw, 200px\" \/><\/a><\/span><\/div><\/div><\/div><div class=\"fusion-layout-column fusion_builder_column fusion-builder-column-6 fusion_builder_column_1_5 1_5 fusion-flex-column fusion-animated\" style=\"--awb-bg-size:cover;--awb-width-large:20%;--awb-margin-top-large:0px;--awb-spacing-right-large:9.6%;--awb-margin-bottom-large:20px;--awb-spacing-left-large:9.6%;--awb-width-medium:100%;--awb-order-medium:0;--awb-spacing-right-medium:1.92%;--awb-spacing-left-medium:1.92%;--awb-width-small:100%;--awb-order-small:0;--awb-spacing-right-small:1.92%;--awb-spacing-left-small:1.92%;\" data-animationType=\"fadeInDown\" data-animationDuration=\"3.0\" data-animationOffset=\"top-into-view\"><div class=\"fusion-column-wrapper fusion-column-has-shadow fusion-flex-justify-content-flex-start fusion-content-layout-column\"><div class=\"fusion-image-element \" style=\"text-align:center;--awb-max-width:200px;--awb-caption-title-font-family:var(--h2_typography-font-family);--awb-caption-title-font-weight:var(--h2_typography-font-weight);--awb-caption-title-font-style:var(--h2_typography-font-style);--awb-caption-title-size:var(--h2_typography-font-size);--awb-caption-title-transform:var(--h2_typography-text-transform);--awb-caption-title-line-height:var(--h2_typography-line-height);--awb-caption-title-letter-spacing:var(--h2_typography-letter-spacing);--awb-filter:saturate(100%) brightness(100%) contrast(100%);--awb-filter-transition:filter 0.3s ease;--awb-filter-hover:saturate(60%) brightness(60%) contrast(60%);\"><span class=\" fusion-imageframe imageframe-none imageframe-5 hover-type-none\"><a class=\"fusion-no-lightbox\" href=\"https:\/\/lineanatura.nl\/fr\/linea-natura\/linea-natura-silk\/\" target=\"_self\" aria-label=\"Linea_Natura_Silk_Roze_Rond\"><img decoding=\"async\" width=\"1600\" height=\"1600\" src=\"https:\/\/bloomersilk.com\/wp-content\/uploads\/2022\/07\/Linea_Natura_Silk_Roze_Rond.png\" data-orig-src=\"https:\/\/bloomersilk.com\/wp-content\/uploads\/2022\/07\/Linea_Natura_Silk_Roze_Rond.png\" alt class=\"lazyload img-responsive wp-image-84525\" srcset=\"data:image\/svg+xml,%3Csvg%20xmlns%3D%27http%3A%2F%2Fwww.w3.org%2F2000%2Fsvg%27%20width%3D%271600%27%20height%3D%271600%27%20viewBox%3D%270%200%201600%201600%27%3E%3Crect%20width%3D%271600%27%20height%3D%271600%27%20fill-opacity%3D%220%22%2F%3E%3C%2Fsvg%3E\" data-srcset=\"https:\/\/bloomersilk.com\/wp-content\/uploads\/2022\/07\/Linea_Natura_Silk_Roze_Rond-200x200.png 200w, https:\/\/bloomersilk.com\/wp-content\/uploads\/2022\/07\/Linea_Natura_Silk_Roze_Rond-400x400.png 400w, https:\/\/bloomersilk.com\/wp-content\/uploads\/2022\/07\/Linea_Natura_Silk_Roze_Rond-600x600.png 600w, https:\/\/bloomersilk.com\/wp-content\/uploads\/2022\/07\/Linea_Natura_Silk_Roze_Rond-800x800.png 800w, https:\/\/bloomersilk.com\/wp-content\/uploads\/2022\/07\/Linea_Natura_Silk_Roze_Rond-1200x1200.png 1200w, https:\/\/bloomersilk.com\/wp-content\/uploads\/2022\/07\/Linea_Natura_Silk_Roze_Rond.png 1600w\" data-sizes=\"auto\" data-orig-sizes=\"(max-width: 1024px) 100vw, (max-width: 769px) 100vw, 200px\" \/><\/a><\/span><\/div><\/div><\/div><div class=\"fusion-layout-column fusion_builder_column fusion-builder-column-7 fusion_builder_column_1_1 1_1 fusion-flex-column fusion-flex-align-self-center fusion-animated\" style=\"--awb-bg-size:cover;--awb-width-large:100%;--awb-margin-top-large:25px;--awb-spacing-right-large:50px;--awb-margin-bottom-large:75px;--awb-spacing-left-large:0px;--awb-width-medium:100%;--awb-order-medium:0;--awb-spacing-right-medium:1.92%;--awb-spacing-left-medium:1.92%;--awb-width-small:100%;--awb-order-small:0;--awb-spacing-right-small:50px;--awb-spacing-left-small:50px;\" data-animationType=\"fadeInDown\" data-animationDuration=\"0.5\" data-animationOffset=\"top-into-view\"><div class=\"fusion-column-wrapper fusion-column-has-shadow fusion-flex-justify-content-center fusion-content-layout-column\"><div class=\"fusion-text fusion-text-2 fusion-text-no-margin\" style=\"--awb-content-alignment:center;--awb-font-size:16px;--awb-text-transform:none;--awb-margin-bottom:20px;\"><p style=\"text-align: center;\"><b>Formidable, j&rsquo;en veux!<br \/>\n<\/b><span style=\"font-weight: 400;\">Les merveilleuses fleurs de <\/span><i><span style=\"font-weight: 400;\">Linea Natura<\/span><\/i><span style=\"font-weight: 400;\"> correspondent parfaitement \u00e0 la client\u00e8le de Bloomer, mais aussi aux choix et \u00e0 l&rsquo;approche de Bloomer. Et c&rsquo;est pour cela que <\/span><i><span style=\"font-weight: 400;\">Linea Natura<\/span><\/i><span style=\"font-weight: 400;\"> est une exclusivit\u00e9 Bloomer, disponible uniquement dans la webshop Bloomer. Vivez ce que la nature a de plus beau !<\/span><\/p>\n<\/div><div style=\"text-align:center;\"><a class=\"fusion-button button-flat button-xlarge button-custom fusion-button-default button-1 fusion-button-default-span fusion-button-default-type\" style=\"--button_accent_color:#ffffff;--button_accent_hover_color:#ffffff;--button_border_hover_color:#ffffff;--button_gradient_top_color:#e6007e;--button_gradient_bottom_color:#e6007e;--button_gradient_top_color_hover:#e580b8;--button_gradient_bottom_color_hover:#e580b8;\" target=\"_blank\" rel=\"noopener noreferrer\" href=\"https:\/\/lineanatura.nl\/fr\/\"><span class=\"fusion-button-text awb-button__text awb-button__text--default\">Cliquez ici pour d\u00e9couvrir le site Internet !<\/span><\/a><\/div><\/div><\/div><\/div><\/div><div class=\"fusion-fullwidth fullwidth-box fusion-builder-row-3 fusion-flex-container has-pattern-background has-mask-background fusion-parallax-fixed hundred-percent-fullwidth non-hundred-percent-height-scrolling lazyload\" style=\"--awb-border-radius-top-left:0px;--awb-border-radius-top-right:0px;--awb-border-radius-bottom-right:0px;--awb-border-radius-bottom-left:0px;--awb-min-height:300px;--awb-background-image:linear-gradient(180deg, rgba(0,0,0,0.4) 0%,rgba(0,0,0,0.4) 100%);;--awb-background-size:cover;--awb-flex-wrap:wrap;background-attachment:fixed;\" data-bg=\"https:\/\/bloomersilk.com\/wp-content\/uploads\/2025\/02\/BLOOMER-19-050130.jpg\" data-bg-gradient=\"linear-gradient(180deg, rgba(0,0,0,0.4) 0%,rgba(0,0,0,0.4) 100%)\" ><div class=\"fusion-builder-row fusion-row fusion-flex-align-items-center fusion-flex-align-content-center fusion-flex-justify-content-center fusion-flex-content-wrap\" style=\"width:104% !important;max-width:104% !important;margin-left: calc(-4% \/ 2 );margin-right: calc(-4% \/ 2 );\"><div class=\"fusion-layout-column fusion_builder_column fusion-builder-column-8 fusion_builder_column_3_4 3_4 fusion-flex-column fusion-flex-align-self-stretch fusion-animated\" style=\"--awb-padding-left:100px;--awb-bg-size:cover;--awb-border-color:var(--awb-color1);--awb-border-style:solid;--awb-width-large:75%;--awb-margin-top-large:75px;--awb-spacing-right-large:0px;--awb-margin-bottom-large:75px;--awb-spacing-left-large:0px;--awb-width-medium:100%;--awb-order-medium:0;--awb-spacing-right-medium:1.92%;--awb-spacing-left-medium:1.92%;--awb-width-small:100%;--awb-order-small:0;--awb-spacing-right-small:1.92%;--awb-spacing-left-small:1.92%;\" data-animationType=\"fadeInDown\" data-animationDuration=\"0.5\" data-animationOffset=\"top-into-view\"><div class=\"fusion-column-wrapper fusion-column-has-shadow fusion-flex-justify-content-center fusion-content-layout-column\"><\/div><\/div><\/div><\/div><\/p>\n","protected":false},"excerpt":{"rendered":"","protected":false},"author":14,"featured_media":86503,"parent":0,"menu_order":0,"comment_status":"closed","ping_status":"closed","template":"100-width.php","meta":{"footnotes":""},"class_list":["post-84503","page","type-page","status-publish","has-post-thumbnail","hentry"],"_links":{"self":[{"href":"https:\/\/bloomersilk.com\/fr\/wp-json\/wp\/v2\/pages\/84503","targetHints":{"allow":["GET"]}}],"collection":[{"href":"https:\/\/bloomersilk.com\/fr\/wp-json\/wp\/v2\/pages"}],"about":[{"href":"https:\/\/bloomersilk.com\/fr\/wp-json\/wp\/v2\/types\/page"}],"author":[{"embeddable":true,"href":"https:\/\/bloomersilk.com\/fr\/wp-json\/wp\/v2\/users\/14"}],"replies":[{"embeddable":true,"href":"https:\/\/bloomersilk.com\/fr\/wp-json\/wp\/v2\/comments?post=84503"}],"version-history":[{"count":5,"href":"https:\/\/bloomersilk.com\/fr\/wp-json\/wp\/v2\/pages\/84503\/revisions"}],"predecessor-version":[{"id":86511,"href":"https:\/\/bloomersilk.com\/fr\/wp-json\/wp\/v2\/pages\/84503\/revisions\/86511"}],"wp:featuredmedia":[{"embeddable":true,"href":"https:\/\/bloomersilk.com\/fr\/wp-json\/wp\/v2\/media\/86503"}],"wp:attachment":[{"href":"https:\/\/bloomersilk.com\/fr\/wp-json\/wp\/v2\/media?parent=84503"}],"curies":[{"name":"wp","href":"https:\/\/api.w.org\/{rel}","templated":true}]}}