{"id":6957,"date":"2018-08-07T12:07:07","date_gmt":"2018-08-07T10:07:07","guid":{"rendered":"https:\/\/bloomer.nl\/privatsphare\/"},"modified":"2018-08-07T12:07:09","modified_gmt":"2018-08-07T10:07:09","slug":"privatsphare","status":"publish","type":"page","link":"https:\/\/bloomersilk.com\/de\/privatsphare\/","title":{"rendered":"Privatsph\u00e4re"},"content":{"rendered":"<div class=\"fusion-fullwidth fullwidth-box fusion-builder-row-1 nonhundred-percent-fullwidth non-hundred-percent-height-scrolling\" style=\"--awb-border-radius-top-left:0px;--awb-border-radius-top-right:0px;--awb-border-radius-bottom-right:0px;--awb-border-radius-bottom-left:0px;--awb-flex-wrap:wrap;\" ><div class=\"fusion-builder-row fusion-row\"><div class=\"fusion-layout-column fusion_builder_column fusion-builder-column-0 fusion_builder_column_1_6 1_6 fusion-one-sixth fusion-column-first\" style=\"--awb-padding-top:;--awb-padding-right:;--awb-padding-bottom:;--awb-padding-left:;--awb-bg-size:cover;width:16.666666666667%;width:calc(16.666666666667% - ( ( 4% + 4% ) * 0.16666666666667 ) );margin-right: 4%;\"><div class=\"fusion-column-wrapper fusion-flex-column-wrapper-legacy\"><div class=\"fusion-clearfix\"><\/div><\/div><\/div><div class=\"fusion-layout-column fusion_builder_column fusion-builder-column-1 fusion_builder_column_2_3 2_3 fusion-two-third\" style=\"--awb-padding-top:;--awb-padding-right:;--awb-padding-bottom:;--awb-padding-left:;--awb-bg-size:cover;width:66.666666666667%;width:calc(66.666666666667% - ( ( 4% + 4% ) * 0.66666666666667 ) );margin-right: 4%;\"><div class=\"fusion-column-wrapper fusion-flex-column-wrapper-legacy\"><div class=\"fusion-title title fusion-title-1 fusion-sep-none fusion-title-center fusion-title-text fusion-title-size-one\" style=\"--awb-margin-top-small:0px;--awb-margin-right-small:0px;--awb-margin-bottom-small:20px;--awb-margin-left-small:0px;\"><h1 class=\"fusion-title-heading title-heading-center\" style=\"margin:0;\">Privatsph\u00e4re bei Bloomer<\/h1><\/div><div class=\"fusion-text fusion-text-1\"><p>So sparsam wie unsere Blumen sind wir auch mit Ihren Daten. Wir waren neuerdings auch verpflichtet, klarer zu sein, wie wir mit Ihren Daten umgehen. Offensichtlich waren sie bei uns schon in Sicherheit, aber jetzt erz\u00e4hlen wir dir, wie wir das garantieren k\u00f6nnen!<\/p>\n<p>An mehreren Stellen k\u00f6nnen Sie Ihre Daten online bei Bloomer eingeben. Dies gilt unter anderem f\u00fcr die Registrierung Ihres Accounts, die Registrierung des Newsletters und die Kontaktaufnahme mit unserem Kundenservice. Hier k\u00f6nnen Sie Ihre Telefonnummer eingeben,<br \/>\nE-Mail-Adresse und \/ oder Besuchs- oder Postanschrift. Kunden nutzen auch die Lastschrift von uns, so dass auch Bankdaten bekannt sind.<\/p>\n<p>Alle diese Daten sind in unseren Systemen in unserer Organisation sicher gespeichert. Nat\u00fcrlich k\u00f6nnen nur Personen mit Erlaubnis diese Daten einsehen und verwalten. Wir werden niemals und niemals ohne Grund dar\u00fcber beraten. Aber um diese sch\u00f6nen Blumen in Ihrem Gesch\u00e4ft zu bekommen, ist es sehr praktisch, dass unser Fahrer wei\u00df, wo er fahren kann.<\/p>\n<\/div><div class=\"fusion-title title fusion-title-2 fusion-sep-none fusion-title-text fusion-title-size-two\" style=\"--awb-margin-top-small:0px;--awb-margin-right-small:0px;--awb-margin-bottom-small:20px;--awb-margin-left-small:0px;\"><h2 class=\"fusion-title-heading title-heading-left\" style=\"margin:0;\">Verarbeitung personenbezogener Daten<\/h2><\/div><div class=\"fusion-text fusion-text-2\"><p>Wenn Sie uns \u00fcber unseren Kundenservice etwas fragen oder wenn Sie auf andere Weise nach einem Kontakt suchen oder sich f\u00fcr Bloomer bewerben, speichern wir Ihre Daten. Wir sammeln diese digital, damit wir Ihre Fragen, Bewerbungen oder Komplimente erhalten k\u00f6nnen (Beschwerden, die wir verhindern wollen).<\/p>\n<p>Alle Ihre Daten, die Sie uns zur Verf\u00fcgung stellen, sind wir sparsam. Wir verkaufen sie nicht, weil wir ein Blumengro\u00dfh\u00e4ndler sind und kein britisches Institut, das Facebook-Daten verkauft. Die einzige Ausnahme, die wir machen, ist, wenn dies gesetzlich oder gesetzlich vorgeschrieben ist, m\u00fcssen wir uns auch an die Regeln halten. Wir sind stets bem\u00fcht, den Verlust und Missbrauch Ihrer Daten zu verhindern.<\/p>\n<\/div><div class=\"fusion-title title fusion-title-3 fusion-sep-none fusion-title-text fusion-title-size-two\" style=\"--awb-margin-top-small:0px;--awb-margin-right-small:0px;--awb-margin-bottom-small:20px;--awb-margin-left-small:0px;\"><h2 class=\"fusion-title-heading title-heading-left\" style=\"margin:0;\">Verwendung von Cookies<\/h2><\/div><div class=\"fusion-text fusion-text-3\"><p>Die Cookies, die wir im B\u00fcro essen, unterscheiden sich von den Cookies auf unserer Website. Es ist eine kleine Datei, die auf Ihrem Computer gespeichert ist. Nur der Server kann diese Datei erkennen, wenn sie von diesem bestimmten Server gespeichert wird. In diesem Fall unser Bloomer-Server. Er kann keine Daten finden oder verfolgen, die zu Ihnen als Person f\u00fchren. Es ist daher v\u00f6llig sicher!<\/p>\n<p>Unser Server verwendet Ihren Cookie, um die Website f\u00fcr Sie so optimal wie m\u00f6glich zu gestalten. Es sorgt unter anderem daf\u00fcr, dass die Bestellhistorie schneller geladen wird usw.<\/p>\n<p>Wenn es nicht wie eine gute Idee aussieht, all diese Kr\u00fcmel auf der Tastatur, k\u00f6nnen Sie diesen Cookie einfach ablehnen. Wir machen das oft im B\u00fcro, aber wir k\u00f6nnen der Versuchung dieser rosa Kuchen nicht widerstehen! Sie k\u00f6nnen sogar die Cookies ausschalten! Wenn Sie Hilfe ben\u00f6tigen, lassen Sie es uns wissen. Wir stellen sicher, dass unsere Wizzkids Sie zur\u00fcckrufen und Ihre Cookies inaktiv machen. Service von Bloomer.<\/p>\n<\/div><div class=\"fusion-title title fusion-title-4 fusion-sep-none fusion-title-text fusion-title-size-two\" style=\"--awb-margin-top-small:0px;--awb-margin-right-small:0px;--awb-margin-bottom-small:20px;--awb-margin-left-small:0px;\"><h2 class=\"fusion-title-heading title-heading-left\" style=\"margin:0;\">\u00c4nderungen<\/h2><\/div><div class=\"fusion-text fusion-text-4\"><p>Bloomer beh\u00e4lt sich das Recht vor, diese Datenschutzerkl\u00e4rung ohne vorherige Ank\u00fcndigung zu \u00e4ndern. Diese \u00c4nderungen werden unmittelbar nach der Platzierung auf der Website wirksam. Sie finden sie immer aktuell in unserem Disclaimer auf der Website. Oder Sie fragen sie einfach per E-Mail.<\/p>\n<p>Wir halten es sicher! Und vergessen Sie nicht, hin und wieder einen Keks zu nehmen (verwechseln Sie ihn nicht mit Keksen, die wirklich nicht gut schmecken!).<\/p>\n<\/div><div class=\"fusion-title title fusion-title-5 fusion-sep-none fusion-title-text fusion-title-size-two\" style=\"--awb-margin-top-small:0px;--awb-margin-right-small:0px;--awb-margin-bottom-small:20px;--awb-margin-left-small:0px;\"><h2 class=\"fusion-title-heading title-heading-left\" style=\"margin:0;\">L\u00d6schen Sie Ihren Daten<\/h2><\/div><div class=\"fusion-text fusion-text-5\"><p>M\u00f6chten Sie, dass Ihre Daten vollst\u00e4ndig entfernt werden, teilen Sie uns dies bitte mit. Dies ist m\u00f6glich (ebenso wie die \u00c4nderungen) \u00fcber die untenstehenden Kontaktdaten. Erst nach Best\u00e4tigung von unserer Seite, wenn Ihre Daten wie Schnee in der Sonne verschwunden sind. Bitte beachten Sie, dass Sie bei uns nichts mehr bestellen k\u00f6nnen und auch keine Daten aus der Vergangenheit anfordern k\u00f6nnen.<\/p>\n<\/div><div class=\"fusion-title title fusion-title-6 fusion-sep-none fusion-title-text fusion-title-size-two\" style=\"--awb-margin-top-small:0px;--awb-margin-right-small:0px;--awb-margin-bottom-small:20px;--awb-margin-left-small:0px;\"><h2 class=\"fusion-title-heading title-heading-left\" style=\"margin:0;\">Kontakt<\/h2><\/div><div class=\"fusion-text fusion-text-6\"><p>Bloomer Kundendienst:<\/p>\n<p><a href=\"mailto:info@bloomerflowers.de\">info@bloomerflowers.de<\/a><\/p>\n<p>0800-BLOOMER<\/p>\n<p>06-12 61 14 55 (nur WhatsApp)<\/p>\n<\/div><div class=\"fusion-clearfix\"><\/div><\/div><\/div><div class=\"fusion-layout-column fusion_builder_column fusion-builder-column-2 fusion_builder_column_1_6 1_6 fusion-one-sixth fusion-column-last\" style=\"--awb-padding-top:;--awb-padding-right:;--awb-padding-bottom:;--awb-padding-left:;--awb-bg-size:cover;width:16.666666666667%;width:calc(16.666666666667% - ( ( 4% + 4% ) * 0.16666666666667 ) );\"><div class=\"fusion-column-wrapper fusion-flex-column-wrapper-legacy\"><div class=\"fusion-clearfix\"><\/div><\/div><\/div><\/div><\/div>\n","protected":false},"excerpt":{"rendered":"","protected":false},"author":2,"featured_media":0,"parent":0,"menu_order":0,"comment_status":"closed","ping_status":"closed","template":"","meta":{"footnotes":""},"class_list":["post-6957","page","type-page","status-publish","hentry"],"_links":{"self":[{"href":"https:\/\/bloomersilk.com\/de\/wp-json\/wp\/v2\/pages\/6957","targetHints":{"allow":["GET"]}}],"collection":[{"href":"https:\/\/bloomersilk.com\/de\/wp-json\/wp\/v2\/pages"}],"about":[{"href":"https:\/\/bloomersilk.com\/de\/wp-json\/wp\/v2\/types\/page"}],"author":[{"embeddable":true,"href":"https:\/\/bloomersilk.com\/de\/wp-json\/wp\/v2\/users\/2"}],"replies":[{"embeddable":true,"href":"https:\/\/bloomersilk.com\/de\/wp-json\/wp\/v2\/comments?post=6957"}],"version-history":[{"count":0,"href":"https:\/\/bloomersilk.com\/de\/wp-json\/wp\/v2\/pages\/6957\/revisions"}],"wp:attachment":[{"href":"https:\/\/bloomersilk.com\/de\/wp-json\/wp\/v2\/media?parent=6957"}],"curies":[{"name":"wp","href":"https:\/\/api.w.org\/{rel}","templated":true}]}}